{"id":432,"date":"2020-09-17T12:20:55","date_gmt":"2020-09-17T10:20:55","guid":{"rendered":"http:\/\/tkd-maacher.lu\/?page_id=432"},"modified":"2020-09-17T12:44:13","modified_gmt":"2020-09-17T10:44:13","slug":"woerterbuch","status":"publish","type":"page","link":"https:\/\/tkdgrevenmacher.lu\/en\/woerterbuch\/","title":{"rendered":"W\u00f6rterbuch"},"content":{"rendered":"<div data-elementor-type=\"wp-page\" data-elementor-id=\"432\" class=\"elementor elementor-432\">\n\t\t\t\t\t\t<div class=\"elementor-inner\">\n\t\t\t\t<div class=\"elementor-section-wrap\">\n\t\t\t\t\t\t\t\t\t<section class=\"elementor-section elementor-top-section elementor-element elementor-element-3d251ea9 elementor-section-boxed elementor-section-height-default elementor-section-height-default\" data-id=\"3d251ea9\" data-element_type=\"section\" data-settings=\"{&quot;background_background&quot;:&quot;classic&quot;}\">\n\t\t\t\t\t\t<div class=\"elementor-container elementor-column-gap-default\">\n\t\t\t\t\t\t\t<div class=\"elementor-row\">\n\t\t\t\t\t<div class=\"elementor-column elementor-col-100 elementor-top-column elementor-element elementor-element-10f1aa97\" data-id=\"10f1aa97\" data-element_type=\"column\">\n\t\t\t<div class=\"elementor-column-wrap elementor-element-populated\">\n\t\t\t\t\t\t\t<div class=\"elementor-widget-wrap\">\n\t\t\t\t\t\t<div class=\"elementor-element elementor-element-472976f1 elementor-widget elementor-widget-theme-post-title elementor-page-title elementor-widget-heading\" data-id=\"472976f1\" data-element_type=\"widget\" data-widget_type=\"theme-post-title.default\">\n\t\t\t\t<div class=\"elementor-widget-container\">\n\t\t\t<h1 class=\"elementor-heading-title elementor-size-default\">W\u00f6rterbuch<\/h1>\t\t<\/div>\n\t\t\t\t<\/div>\n\t\t\t\t\t\t<\/div>\n\t\t\t\t\t<\/div>\n\t\t<\/div>\n\t\t\t\t\t\t\t\t<\/div>\n\t\t\t\t\t<\/div>\n\t\t<\/section>\n\t\t\t\t<section class=\"elementor-section elementor-top-section elementor-element elementor-element-154f40e elementor-section-boxed elementor-section-height-default elementor-section-height-default\" data-id=\"154f40e\" data-element_type=\"section\" data-settings=\"{&quot;background_background&quot;:&quot;classic&quot;}\">\n\t\t\t\t\t\t<div class=\"elementor-container elementor-column-gap-default\">\n\t\t\t\t\t\t\t<div class=\"elementor-row\">\n\t\t\t\t\t<div class=\"elementor-column elementor-col-100 elementor-top-column elementor-element elementor-element-1b1a7a39\" data-id=\"1b1a7a39\" data-element_type=\"column\" data-settings=\"{&quot;background_background&quot;:&quot;classic&quot;}\">\n\t\t\t<div class=\"elementor-column-wrap elementor-element-populated\">\n\t\t\t\t\t\t\t<div class=\"elementor-widget-wrap\">\n\t\t\t\t\t\t<div class=\"elementor-element elementor-element-a1d0f41 elementor-widget elementor-widget-image\" data-id=\"a1d0f41\" data-element_type=\"widget\" data-widget_type=\"image.default\">\n\t\t\t\t<div class=\"elementor-widget-container\">\n\t\t\t\t\t\t\t\t<div class=\"elementor-image\">\n\t\t\t\t\t\t\t\t\t\t\t\t<img loading=\"lazy\" decoding=\"async\" width=\"511\" height=\"701\" src=\"https:\/\/tkdgrevenmacher.lu\/wp-content\/uploads\/2020\/09\/nom-corps-en-coreen.jpg\" class=\"attachment-large size-large\" alt=\"\" srcset=\"https:\/\/tkdgrevenmacher.lu\/wp-content\/uploads\/2020\/09\/nom-corps-en-coreen.jpg 511w, https:\/\/tkdgrevenmacher.lu\/wp-content\/uploads\/2020\/09\/nom-corps-en-coreen-219x300.jpg 219w\" sizes=\"(max-width: 511px) 100vw, 511px\" \/>\t\t\t\t\t\t\t\t\t\t\t\t\t\t<\/div>\n\t\t\t\t\t\t<\/div>\n\t\t\t\t<\/div>\n\t\t\t\t<section class=\"elementor-section elementor-inner-section elementor-element elementor-element-313eebf elementor-section-boxed elementor-section-height-default elementor-section-height-default\" data-id=\"313eebf\" data-element_type=\"section\" data-settings=\"{&quot;shape_divider_top&quot;:&quot;book&quot;}\">\n\t\t\t\t\t<div class=\"elementor-shape elementor-shape-top\" data-negative=\"false\">\n\t\t\t<svg xmlns=\"http:\/\/www.w3.org\/2000\/svg\" viewbox=\"0 0 1000 100\" preserveaspectratio=\"none\">\n\t<path class=\"elementor-shape-fill\" d=\"M194,99c186.7,0.7,305-78.3,306-97.2c1,18.9,119.3,97.9,306,97.2c114.3-0.3,194,0.3,194,0.3s0-91.7,0-100c0,0,0,0,0-0 L0,0v99.3C0,99.3,79.7,98.7,194,99z\"\/>\n<\/svg>\t\t<\/div>\n\t\t\t\t\t<div class=\"elementor-container elementor-column-gap-default\">\n\t\t\t\t\t\t\t<div class=\"elementor-row\">\n\t\t\t\t\t<div class=\"elementor-column elementor-col-50 elementor-inner-column elementor-element elementor-element-d3ccebf\" data-id=\"d3ccebf\" data-element_type=\"column\">\n\t\t\t<div class=\"elementor-column-wrap elementor-element-populated\">\n\t\t\t\t\t\t\t<div class=\"elementor-widget-wrap\">\n\t\t\t\t\t\t<div class=\"elementor-element elementor-element-88bcbd0 elementor-widget elementor-widget-heading\" data-id=\"88bcbd0\" data-element_type=\"widget\" data-widget_type=\"heading.default\">\n\t\t\t\t<div class=\"elementor-widget-container\">\n\t\t\t<h2 class=\"elementor-heading-title elementor-size-default\">Anatomie<\/h2>\t\t<\/div>\n\t\t\t\t<\/div>\n\t\t\t\t<div class=\"elementor-element elementor-element-f081014 elementor-widget elementor-widget-text-editor\" data-id=\"f081014\" data-element_type=\"widget\" data-widget_type=\"text-editor.default\">\n\t\t\t\t<div class=\"elementor-widget-container\">\n\t\t\t\t\t\t\t\t<div class=\"elementor-text-editor elementor-clearfix\">\n\t\t\t\t<p style=\"text-align: center;\">M\u00f4ri = Kopf<\/p><p style=\"text-align: center;\">\u00d4lgul = Gesicht<\/p><p style=\"text-align: center;\">Ib = Mund<\/p><p style=\"text-align: center;\">Momtong = K\u00f6rper, Rumpf<\/p><p style=\"text-align: center;\">Mok = Hals<\/p><p style=\"text-align: center;\">Palgub = Ellbogen<\/p><p style=\"text-align: center;\">Palmok = Unterarm<\/p><p style=\"text-align: center;\">Sonmok = Handgelenk<\/p><p style=\"text-align: center;\">Son = Hand<\/p><p style=\"text-align: center;\">Sonkk\u00fbt = Fingerspitze<\/p><p style=\"text-align: center;\">Jum\u00f4k = Faust<\/p><p style=\"text-align: center;\">H\u00f4ri = Taille<\/p><p style=\"text-align: center;\">Dari = Bein<\/p><p style=\"text-align: center;\">Mur\u00fbp = Knie<\/p><p style=\"text-align: center;\">Bal = Fu\u03b2<\/p><p style=\"text-align: center;\">Bald\u00fbng = Fu\u03b2r\u00fccken, Rist<\/p><p style=\"text-align: center;\">Dwitchuk = Ferse<\/p><p style=\"text-align: center;\">Apchuk = Fu\u03b2ballen<\/p><p style=\"text-align: center;\">Pal = Arm<\/p>\t\t\t\t\t<\/div>\n\t\t\t\t\t\t<\/div>\n\t\t\t\t<\/div>\n\t\t\t\t\t\t<\/div>\n\t\t\t\t\t<\/div>\n\t\t<\/div>\n\t\t\t\t<div class=\"elementor-column elementor-col-50 elementor-inner-column elementor-element elementor-element-db52c87\" data-id=\"db52c87\" data-element_type=\"column\">\n\t\t\t<div class=\"elementor-column-wrap elementor-element-populated\">\n\t\t\t\t\t\t\t<div class=\"elementor-widget-wrap\">\n\t\t\t\t\t\t<div class=\"elementor-element elementor-element-c9d6c3a elementor-widget elementor-widget-heading\" data-id=\"c9d6c3a\" data-element_type=\"widget\" data-widget_type=\"heading.default\">\n\t\t\t\t<div class=\"elementor-widget-container\">\n\t\t\t<h2 class=\"elementor-heading-title elementor-size-default\">Oberbegriffe<\/h2>\t\t<\/div>\n\t\t\t\t<\/div>\n\t\t\t\t<div class=\"elementor-element elementor-element-29d7181 elementor-widget elementor-widget-text-editor\" data-id=\"29d7181\" data-element_type=\"widget\" data-widget_type=\"text-editor.default\">\n\t\t\t\t<div class=\"elementor-widget-container\">\n\t\t\t\t\t\t\t\t<div class=\"elementor-text-editor elementor-clearfix\">\n\t\t\t\t<p style=\"text-align: center;\">Makki = Block, Abwehr<\/p><p style=\"text-align: center;\">Chigi = Schlag<\/p><p style=\"text-align: center;\">Chagi = Tritt, Schlag<\/p><p style=\"text-align: center;\">Ky\u00f4rugi = Kampf<\/p><p style=\"text-align: center;\">Jabgi = halten, fassen, greifen<\/p><p style=\"text-align: center;\">Jir\u00fbgi = Sto\u03b2 mit der Faust<\/p><p style=\"text-align: center;\">Twi\u00f4 = gesprungen<\/p><p style=\"text-align: center;\">Hechy\u00f4 = auseinanderschieb<\/p><p style=\"text-align: center;\">Jjir\u00fbgi = Stich<\/p><p style=\"text-align: center;\">Konggy\u00f4k = Angriff<\/p><p style=\"text-align: center;\">Hosinsul = Selbstverteidigung<\/p>\t\t\t\t\t<\/div>\n\t\t\t\t\t\t<\/div>\n\t\t\t\t<\/div>\n\t\t\t\t\t\t<\/div>\n\t\t\t\t\t<\/div>\n\t\t<\/div>\n\t\t\t\t\t\t\t\t<\/div>\n\t\t\t\t\t<\/div>\n\t\t<\/section>\n\t\t\t\t<section class=\"elementor-section elementor-inner-section elementor-element elementor-element-74c96eb elementor-section-boxed elementor-section-height-default elementor-section-height-default\" data-id=\"74c96eb\" data-element_type=\"section\" data-settings=\"{&quot;shape_divider_top&quot;:&quot;book&quot;}\">\n\t\t\t\t\t<div class=\"elementor-shape elementor-shape-top\" data-negative=\"false\">\n\t\t\t<svg xmlns=\"http:\/\/www.w3.org\/2000\/svg\" viewbox=\"0 0 1000 100\" preserveaspectratio=\"none\">\n\t<path class=\"elementor-shape-fill\" d=\"M194,99c186.7,0.7,305-78.3,306-97.2c1,18.9,119.3,97.9,306,97.2c114.3-0.3,194,0.3,194,0.3s0-91.7,0-100c0,0,0,0,0-0 L0,0v99.3C0,99.3,79.7,98.7,194,99z\"\/>\n<\/svg>\t\t<\/div>\n\t\t\t\t\t<div class=\"elementor-container elementor-column-gap-default\">\n\t\t\t\t\t\t\t<div class=\"elementor-row\">\n\t\t\t\t\t<div class=\"elementor-column elementor-col-50 elementor-inner-column elementor-element elementor-element-012b6db\" data-id=\"012b6db\" data-element_type=\"column\">\n\t\t\t<div class=\"elementor-column-wrap elementor-element-populated\">\n\t\t\t\t\t\t\t<div class=\"elementor-widget-wrap\">\n\t\t\t\t\t\t<div class=\"elementor-element elementor-element-b92e219 elementor-widget elementor-widget-heading\" data-id=\"b92e219\" data-element_type=\"widget\" data-widget_type=\"heading.default\">\n\t\t\t\t<div class=\"elementor-widget-container\">\n\t\t\t<h2 class=\"elementor-heading-title elementor-size-default\">Richtungen<\/h2>\t\t<\/div>\n\t\t\t\t<\/div>\n\t\t\t\t<div class=\"elementor-element elementor-element-fb12a68 elementor-widget elementor-widget-text-editor\" data-id=\"fb12a68\" data-element_type=\"widget\" data-widget_type=\"text-editor.default\">\n\t\t\t\t<div class=\"elementor-widget-container\">\n\t\t\t\t\t\t\t\t<div class=\"elementor-text-editor elementor-clearfix\">\n\t\t\t\t<p style=\"text-align: center;\">Ap = vorn<\/p><p style=\"text-align: center;\">Y\u00f4p = seitlich<\/p><p style=\"text-align: center;\">Dwi(t) = hinten, r\u00fcckw\u00e4rts<\/p><p style=\"text-align: center;\">Oen = links<\/p><p style=\"text-align: center;\">Or\u00fbn = rechts<\/p><p style=\"text-align: center;\">Dolly\u00f4 = drehen, gedreht<\/p><p style=\"text-align: center;\">An = innen, einw\u00e4rts<\/p><p style=\"text-align: center;\">Bakkat = au\u03b2en, ausw\u00e4rts<\/p><p style=\"text-align: center;\">Arae = tief<\/p>\t\t\t\t\t<\/div>\n\t\t\t\t\t\t<\/div>\n\t\t\t\t<\/div>\n\t\t\t\t\t\t<\/div>\n\t\t\t\t\t<\/div>\n\t\t<\/div>\n\t\t\t\t<div class=\"elementor-column elementor-col-50 elementor-inner-column elementor-element elementor-element-a63953c\" data-id=\"a63953c\" data-element_type=\"column\">\n\t\t\t<div class=\"elementor-column-wrap elementor-element-populated\">\n\t\t\t\t\t\t\t<div class=\"elementor-widget-wrap\">\n\t\t\t\t\t\t<div class=\"elementor-element elementor-element-6afdce6 elementor-widget elementor-widget-heading\" data-id=\"6afdce6\" data-element_type=\"widget\" data-widget_type=\"heading.default\">\n\t\t\t\t<div class=\"elementor-widget-container\">\n\t\t\t<h2 class=\"elementor-heading-title elementor-size-default\">Stellungen<\/h2>\t\t<\/div>\n\t\t\t\t<\/div>\n\t\t\t\t<div class=\"elementor-element elementor-element-1c4715a elementor-widget elementor-widget-text-editor\" data-id=\"1c4715a\" data-element_type=\"widget\" data-widget_type=\"text-editor.default\">\n\t\t\t\t<div class=\"elementor-widget-container\">\n\t\t\t\t\t\t\t\t<div class=\"elementor-text-editor elementor-clearfix\">\n\t\t\t\t<p style=\"text-align: center;\">Chary\u00f4t-S\u00f4gi = Achtungstellung<\/p><p style=\"text-align: center;\">Py\u00f4nhi-S\u00f4gi = zehenoffene Parallelstellung (bequeme Stellung)<\/p><p style=\"text-align: center;\">Moa-S\u00f4gi = geschlossene Stellung<\/p><p style=\"text-align: center;\">Juchum-S\u00f4gi = Sitzstellung<\/p><p style=\"text-align: center;\">Ap-Gubi = tiefe Vorw\u00e4rtsstellung<\/p><p style=\"text-align: center;\">Dwit-Gubi = R\u00fcckw\u00e4rtsstellung<\/p><p style=\"text-align: center;\">Kkoa-S\u00f4gi = \u00dcberkreuzstellung<\/p><p style=\"text-align: center;\">Ap-S\u00f4gi = Schrittstellung<\/p><p style=\"text-align: center;\">B\u00f4m-S\u00f4gi = Tigerstellung<\/p>\t\t\t\t\t<\/div>\n\t\t\t\t\t\t<\/div>\n\t\t\t\t<\/div>\n\t\t\t\t\t\t<\/div>\n\t\t\t\t\t<\/div>\n\t\t<\/div>\n\t\t\t\t\t\t\t\t<\/div>\n\t\t\t\t\t<\/div>\n\t\t<\/section>\n\t\t\t\t<section class=\"elementor-section elementor-inner-section elementor-element elementor-element-a0a0cd6 elementor-section-boxed elementor-section-height-default elementor-section-height-default\" data-id=\"a0a0cd6\" data-element_type=\"section\" data-settings=\"{&quot;shape_divider_top&quot;:&quot;book&quot;}\">\n\t\t\t\t\t<div class=\"elementor-shape elementor-shape-top\" data-negative=\"false\">\n\t\t\t<svg xmlns=\"http:\/\/www.w3.org\/2000\/svg\" viewbox=\"0 0 1000 100\" preserveaspectratio=\"none\">\n\t<path class=\"elementor-shape-fill\" d=\"M194,99c186.7,0.7,305-78.3,306-97.2c1,18.9,119.3,97.9,306,97.2c114.3-0.3,194,0.3,194,0.3s0-91.7,0-100c0,0,0,0,0-0 L0,0v99.3C0,99.3,79.7,98.7,194,99z\"\/>\n<\/svg>\t\t<\/div>\n\t\t\t\t\t<div class=\"elementor-container elementor-column-gap-default\">\n\t\t\t\t\t\t\t<div class=\"elementor-row\">\n\t\t\t\t\t<div class=\"elementor-column elementor-col-50 elementor-inner-column elementor-element elementor-element-68b31d8\" data-id=\"68b31d8\" data-element_type=\"column\">\n\t\t\t<div class=\"elementor-column-wrap elementor-element-populated\">\n\t\t\t\t\t\t\t<div class=\"elementor-widget-wrap\">\n\t\t\t\t\t\t<div class=\"elementor-element elementor-element-14fdbfb elementor-widget elementor-widget-heading\" data-id=\"14fdbfb\" data-element_type=\"widget\" data-widget_type=\"heading.default\">\n\t\t\t\t<div class=\"elementor-widget-container\">\n\t\t\t<h2 class=\"elementor-heading-title elementor-size-default\">Handtechniken<\/h2>\t\t<\/div>\n\t\t\t\t<\/div>\n\t\t\t\t<div class=\"elementor-element elementor-element-6cc4fe2 elementor-widget elementor-widget-text-editor\" data-id=\"6cc4fe2\" data-element_type=\"widget\" data-widget_type=\"text-editor.default\">\n\t\t\t\t<div class=\"elementor-widget-container\">\n\t\t\t\t\t\t\t\t<div class=\"elementor-text-editor elementor-clearfix\">\n\t\t\t\t<p style=\"text-align: center;\">Chigi = Schlag<\/p><p style=\"text-align: center;\">Makki = Block<\/p><p style=\"text-align: center;\">Mejum\u00f4k-Chigi = Faustbodenschlag<\/p><p style=\"text-align: center;\">Arae-Makki = Block zur unteren Stufe<\/p><p style=\"text-align: center;\">Sonnal-Chigi = Handkantenschlag (Kleinfingerseite)<\/p><p style=\"text-align: center;\">Momtong-Makki = Block zur mittleren Stufe<\/p><p style=\"text-align: center;\">Sonnald\u00fbng-Chigi = Handkantenschlag (Daumenseite)<\/p><p style=\"text-align: center;\">\u00d4lgul-Makki = Block zur oberen Stufe<\/p><p style=\"text-align: center;\">Sonnal-mok-Chigi = Handkantenschlag zum Hals<\/p><p style=\"text-align: center;\">Sonnal-Makki = Handkantenblock<\/p><p style=\"text-align: center;\">Dung-Jum\u00f4k-Chigi = Faustr\u00fcckenschlag<\/p><p style=\"text-align: center;\">Batangson-Makki = Handballenblock<\/p><p style=\"text-align: center;\">Palgub-Chigi = Schlag mit dem Ellbogen<\/p><p style=\"text-align: center;\">Gawi-Makki = Scherenblock (Arae- u. Momtong-Bakkat-Makki)<\/p>\t\t\t\t\t<\/div>\n\t\t\t\t\t\t<\/div>\n\t\t\t\t<\/div>\n\t\t\t\t\t\t<\/div>\n\t\t\t\t\t<\/div>\n\t\t<\/div>\n\t\t\t\t<div class=\"elementor-column elementor-col-50 elementor-inner-column elementor-element elementor-element-0785ecf\" data-id=\"0785ecf\" data-element_type=\"column\">\n\t\t\t<div class=\"elementor-column-wrap elementor-element-populated\">\n\t\t\t\t\t\t\t<div class=\"elementor-widget-wrap\">\n\t\t\t\t\t\t<div class=\"elementor-element elementor-element-53c9767 elementor-widget elementor-widget-heading\" data-id=\"53c9767\" data-element_type=\"widget\" data-widget_type=\"heading.default\">\n\t\t\t\t<div class=\"elementor-widget-container\">\n\t\t\t<h2 class=\"elementor-heading-title elementor-size-default\">Beintechniken<\/h2>\t\t<\/div>\n\t\t\t\t<\/div>\n\t\t\t\t<div class=\"elementor-element elementor-element-c254f12 elementor-widget elementor-widget-text-editor\" data-id=\"c254f12\" data-element_type=\"widget\" data-widget_type=\"text-editor.default\">\n\t\t\t\t<div class=\"elementor-widget-container\">\n\t\t\t\t\t\t\t\t<div class=\"elementor-text-editor elementor-clearfix\">\n\t\t\t\t<p style=\"text-align: center;\">Ap-chagi = Vorw\u00e4rtstritt<\/p><p style=\"text-align: center;\">Y\u00f4p-Chagi = Seitw\u00e4rtstritt<\/p><p style=\"text-align: center;\">Dolly\u00f4-Chagi = Seitw\u00e4rts-Drehschlag<\/p><p style=\"text-align: center;\">Dwit-Chagi = R\u00fcckw\u00e4rtstritt<\/p><p style=\"text-align: center;\">Mir\u00f4-Chagi = Schiebetritt<\/p><p style=\"text-align: center;\">Bandal-Chagi = halbmondf\u00f6rm. Vertikaltritt<\/p><p style=\"text-align: center;\">Twi\u00f4-Chagi = Tritt im Sprung<\/p><p style=\"text-align: center;\">Naery\u00f4-Chagi = Abw\u00e4rtsschlag<\/p><p style=\"text-align: center;\">Bandae-dolly\u00f4-Chagi = Fersen-Drehschlag<\/p>\t\t\t\t\t<\/div>\n\t\t\t\t\t\t<\/div>\n\t\t\t\t<\/div>\n\t\t\t\t\t\t<\/div>\n\t\t\t\t\t<\/div>\n\t\t<\/div>\n\t\t\t\t\t\t\t\t<\/div>\n\t\t\t\t\t<\/div>\n\t\t<\/section>\n\t\t\t\t<section class=\"elementor-section elementor-inner-section elementor-element elementor-element-2e96273 elementor-section-boxed elementor-section-height-default elementor-section-height-default\" data-id=\"2e96273\" data-element_type=\"section\" data-settings=\"{&quot;shape_divider_top&quot;:&quot;book&quot;}\">\n\t\t\t\t\t<div class=\"elementor-shape elementor-shape-top\" data-negative=\"false\">\n\t\t\t<svg xmlns=\"http:\/\/www.w3.org\/2000\/svg\" viewbox=\"0 0 1000 100\" preserveaspectratio=\"none\">\n\t<path class=\"elementor-shape-fill\" d=\"M194,99c186.7,0.7,305-78.3,306-97.2c1,18.9,119.3,97.9,306,97.2c114.3-0.3,194,0.3,194,0.3s0-91.7,0-100c0,0,0,0,0-0 L0,0v99.3C0,99.3,79.7,98.7,194,99z\"\/>\n<\/svg>\t\t<\/div>\n\t\t\t\t\t<div class=\"elementor-container elementor-column-gap-default\">\n\t\t\t\t\t\t\t<div class=\"elementor-row\">\n\t\t\t\t\t<div class=\"elementor-column elementor-col-33 elementor-inner-column elementor-element elementor-element-f51cb15\" data-id=\"f51cb15\" data-element_type=\"column\">\n\t\t\t<div class=\"elementor-column-wrap elementor-element-populated\">\n\t\t\t\t\t\t\t<div class=\"elementor-widget-wrap\">\n\t\t\t\t\t\t<div class=\"elementor-element elementor-element-d1c7fe1 elementor-widget elementor-widget-heading\" data-id=\"d1c7fe1\" data-element_type=\"widget\" data-widget_type=\"heading.default\">\n\t\t\t\t<div class=\"elementor-widget-container\">\n\t\t\t<h2 class=\"elementor-heading-title elementor-size-default\">Kardinalzahlen\n(sinokoreanisch)<\/h2>\t\t<\/div>\n\t\t\t\t<\/div>\n\t\t\t\t<div class=\"elementor-element elementor-element-b526312 elementor-widget elementor-widget-text-editor\" data-id=\"b526312\" data-element_type=\"widget\" data-widget_type=\"text-editor.default\">\n\t\t\t\t<div class=\"elementor-widget-container\">\n\t\t\t\t\t\t\t\t<div class=\"elementor-text-editor elementor-clearfix\">\n\t\t\t\t<p style=\"text-align: center;\">1 = Il<\/p><p style=\"text-align: center;\">2 = I<\/p><p style=\"text-align: center;\">3 = Sam<\/p><p style=\"text-align: center;\">4 = Sa<\/p><p style=\"text-align: center;\">5 = Oh<\/p><p style=\"text-align: center;\">6 = Yuk<\/p><p style=\"text-align: center;\">7 = Chil<\/p><p style=\"text-align: center;\">8 = Pal<\/p><p style=\"text-align: center;\">9 = Gu<\/p><p style=\"text-align: center;\">10 = Sib<\/p>\t\t\t\t\t<\/div>\n\t\t\t\t\t\t<\/div>\n\t\t\t\t<\/div>\n\t\t\t\t\t\t<\/div>\n\t\t\t\t\t<\/div>\n\t\t<\/div>\n\t\t\t\t<div class=\"elementor-column elementor-col-33 elementor-inner-column elementor-element elementor-element-2108b2c\" data-id=\"2108b2c\" data-element_type=\"column\">\n\t\t\t<div class=\"elementor-column-wrap elementor-element-populated\">\n\t\t\t\t\t\t\t<div class=\"elementor-widget-wrap\">\n\t\t\t\t\t\t<div class=\"elementor-element elementor-element-04ccef3 elementor-widget elementor-widget-heading\" data-id=\"04ccef3\" data-element_type=\"widget\" data-widget_type=\"heading.default\">\n\t\t\t\t<div class=\"elementor-widget-container\">\n\t\t\t<h2 class=\"elementor-heading-title elementor-size-default\">Dezimalzahlen<\/h2>\t\t<\/div>\n\t\t\t\t<\/div>\n\t\t\t\t<div class=\"elementor-element elementor-element-dc21cd7 elementor-widget elementor-widget-text-editor\" data-id=\"dc21cd7\" data-element_type=\"widget\" data-widget_type=\"text-editor.default\">\n\t\t\t\t<div class=\"elementor-widget-container\">\n\t\t\t\t\t\t\t\t<div class=\"elementor-text-editor elementor-clearfix\">\n\t\t\t\t<p style=\"text-align: center;\">1 = hanah<\/p><p style=\"text-align: center;\">2 = dul<\/p><p style=\"text-align: center;\">3 = set<\/p><p style=\"text-align: center;\">4 = net<\/p><p style=\"text-align: center;\">5 = dasot<\/p><p style=\"text-align: center;\">6 = yosot<\/p><p style=\"text-align: center;\">7 = ilgob<\/p><p style=\"text-align: center;\">8 = yodul<\/p><p style=\"text-align: center;\">9 = ahob<\/p><p style=\"text-align: center;\">10 = yol<\/p><p style=\"text-align: center;\">11 = yolhanah<\/p><p style=\"text-align: center;\">12 = yoldul\u2026<\/p><p style=\"text-align: center;\">20 = seumool<\/p><p style=\"text-align: center;\">30 = soreun<\/p>\t\t\t\t\t<\/div>\n\t\t\t\t\t\t<\/div>\n\t\t\t\t<\/div>\n\t\t\t\t\t\t<\/div>\n\t\t\t\t\t<\/div>\n\t\t<\/div>\n\t\t\t\t<div class=\"elementor-column elementor-col-33 elementor-inner-column elementor-element elementor-element-4355884\" data-id=\"4355884\" data-element_type=\"column\">\n\t\t\t<div class=\"elementor-column-wrap elementor-element-populated\">\n\t\t\t\t\t\t\t<div class=\"elementor-widget-wrap\">\n\t\t\t\t\t\t<div class=\"elementor-element elementor-element-44fc398 elementor-widget elementor-widget-heading\" data-id=\"44fc398\" data-element_type=\"widget\" data-widget_type=\"heading.default\">\n\t\t\t\t<div class=\"elementor-widget-container\">\n\t\t\t<h2 class=\"elementor-heading-title elementor-size-default\">Poomsae-Formen Taeguk<\/h2>\t\t<\/div>\n\t\t\t\t<\/div>\n\t\t\t\t<div class=\"elementor-element elementor-element-bbb8e52 elementor-widget elementor-widget-text-editor\" data-id=\"bbb8e52\" data-element_type=\"widget\" data-widget_type=\"text-editor.default\">\n\t\t\t\t<div class=\"elementor-widget-container\">\n\t\t\t\t\t\t\t\t<div class=\"elementor-text-editor elementor-clearfix\">\n\t\t\t\t<p style=\"text-align: center;\">Nr.1 = Il-Jang<\/p><p style=\"text-align: center;\">Nr.2 = I-Jang<\/p><p style=\"text-align: center;\">Nr.3 = Sam-Jang<\/p><p style=\"text-align: center;\">Nr.4 = Sa-Jang<\/p><p style=\"text-align: center;\">Nr.5 = Oh-Jang<\/p><p style=\"text-align: center;\">Nr.6 = Yuk-Jang<\/p><p style=\"text-align: center;\">Nr.7 = Chil-Jang<\/p><p style=\"text-align: center;\">Nr.8 = Pal-Jang<\/p>\t\t\t\t\t<\/div>\n\t\t\t\t\t\t<\/div>\n\t\t\t\t<\/div>\n\t\t\t\t\t\t<\/div>\n\t\t\t\t\t<\/div>\n\t\t<\/div>\n\t\t\t\t\t\t\t\t<\/div>\n\t\t\t\t\t<\/div>\n\t\t<\/section>\n\t\t\t\t\t\t<\/div>\n\t\t\t\t\t<\/div>\n\t\t<\/div>\n\t\t\t\t\t\t\t\t<\/div>\n\t\t\t\t\t<\/div>\n\t\t<\/section>\n\t\t\t\t\t\t\t\t\t<\/div>\n\t\t\t<\/div>\n\t\t\t\t\t<\/div>","protected":false},"excerpt":{"rendered":"<p>Anatomie M\u00f4ri = Kopf \u00d4lgul = Gesicht Ib = Mund Momtong = K\u00f6rper, Rumpf Mok = Hals Palgub = Ellbogen Palmok = Unterarm Sonmok = Handgelenk Son = Hand Sonkk\u00fbt = Fingerspitze Jum\u00f4k = Faust H\u00f4ri = Taille Dari = Bein Mur\u00fbp = Knie Bal = Fu\u03b2 Bald\u00fbng = Fu\u03b2r\u00fccken, Rist Dwitchuk = Ferse Apchuk [&hellip;]<\/p>","protected":false},"author":1,"featured_media":0,"parent":0,"menu_order":0,"comment_status":"closed","ping_status":"closed","template":"","meta":{"site-sidebar-layout":"no-sidebar","site-content-layout":"page-builder","ast-site-content-layout":"","site-content-style":"default","site-sidebar-style":"default","ast-global-header-display":"","ast-banner-title-visibility":"","ast-main-header-display":"","ast-hfb-above-header-display":"","ast-hfb-below-header-display":"","ast-hfb-mobile-header-display":"","site-post-title":"disabled","ast-breadcrumbs-content":"","ast-featured-img":"disabled","footer-sml-layout":"","theme-transparent-header-meta":"default","adv-header-id-meta":"","stick-header-meta":"default","header-above-stick-meta":"","header-main-stick-meta":"","header-below-stick-meta":"","astra-migrate-meta-layouts":"default","ast-page-background-enabled":"default","ast-page-background-meta":{"desktop":{"background-color":"","background-image":"","background-repeat":"repeat","background-position":"center center","background-size":"auto","background-attachment":"scroll","background-type":"","background-media":"","overlay-type":"","overlay-color":"","overlay-gradient":""},"tablet":{"background-color":"","background-image":"","background-repeat":"repeat","background-position":"center center","background-size":"auto","background-attachment":"scroll","background-type":"","background-media":"","overlay-type":"","overlay-color":"","overlay-gradient":""},"mobile":{"background-color":"","background-image":"","background-repeat":"repeat","background-position":"center center","background-size":"auto","background-attachment":"scroll","background-type":"","background-media":"","overlay-type":"","overlay-color":"","overlay-gradient":""}},"ast-content-background-meta":{"desktop":{"background-color":"var(--ast-global-color-5)","background-image":"","background-repeat":"repeat","background-position":"center center","background-size":"auto","background-attachment":"scroll","background-type":"","background-media":"","overlay-type":"","overlay-color":"","overlay-gradient":""},"tablet":{"background-color":"var(--ast-global-color-5)","background-image":"","background-repeat":"repeat","background-position":"center center","background-size":"auto","background-attachment":"scroll","background-type":"","background-media":"","overlay-type":"","overlay-color":"","overlay-gradient":""},"mobile":{"background-color":"var(--ast-global-color-5)","background-image":"","background-repeat":"repeat","background-position":"center center","background-size":"auto","background-attachment":"scroll","background-type":"","background-media":"","overlay-type":"","overlay-color":"","overlay-gradient":""}},"footnotes":""},"_links":{"self":[{"href":"https:\/\/tkdgrevenmacher.lu\/en\/wp-json\/wp\/v2\/pages\/432"}],"collection":[{"href":"https:\/\/tkdgrevenmacher.lu\/en\/wp-json\/wp\/v2\/pages"}],"about":[{"href":"https:\/\/tkdgrevenmacher.lu\/en\/wp-json\/wp\/v2\/types\/page"}],"author":[{"embeddable":true,"href":"https:\/\/tkdgrevenmacher.lu\/en\/wp-json\/wp\/v2\/users\/1"}],"replies":[{"embeddable":true,"href":"https:\/\/tkdgrevenmacher.lu\/en\/wp-json\/wp\/v2\/comments?post=432"}],"version-history":[{"count":3,"href":"https:\/\/tkdgrevenmacher.lu\/en\/wp-json\/wp\/v2\/pages\/432\/revisions"}],"predecessor-version":[{"id":436,"href":"https:\/\/tkdgrevenmacher.lu\/en\/wp-json\/wp\/v2\/pages\/432\/revisions\/436"}],"wp:attachment":[{"href":"https:\/\/tkdgrevenmacher.lu\/en\/wp-json\/wp\/v2\/media?parent=432"}],"curies":[{"name":"wp","href":"https:\/\/api.w.org\/{rel}","templated":true}]}}